{"id":12,"date":"2021-08-31T11:44:35","date_gmt":"2021-08-31T16:44:35","guid":{"rendered":"https:\/\/kitoscell.com\/?page_id=12"},"modified":"2021-08-31T21:19:44","modified_gmt":"2021-09-01T02:19:44","slug":"_stilos","status":"publish","type":"page","link":"https:\/\/kitoscell.com\/en\/_stilos\/","title":{"rendered":"Styles"},"content":{"rendered":"<div data-elementor-type=\"wp-page\" data-elementor-id=\"12\" class=\"elementor elementor-12\" data-elementor-post-type=\"page\">\n\t\t\t\t\t\t\t\t\t<section class=\"elementor-section elementor-top-section elementor-element elementor-element-9046990 elementor-section-boxed elementor-section-height-default elementor-section-height-default\" data-id=\"9046990\" data-element_type=\"section\" data-settings=\"{&quot;_ha_eqh_enable&quot;:false}\">\n\t\t\t\t\t\t<div class=\"elementor-container elementor-column-gap-default\">\n\t\t\t\t\t<div class=\"elementor-column elementor-col-100 elementor-top-column elementor-element elementor-element-99d18b9\" data-id=\"99d18b9\" data-element_type=\"column\">\n\t\t\t<div class=\"elementor-widget-wrap elementor-element-populated\">\n\t\t\t\t\t\t\t\t<div class=\"elementor-element elementor-element-bdb82d6 elementor-widget elementor-widget-heading\" data-id=\"bdb82d6\" data-element_type=\"widget\" data-widget_type=\"heading.default\">\n\t\t\t\t<div class=\"elementor-widget-container\">\n\t\t\t<style>\/*! elementor - v3.16.0 - 13-09-2023 *\/\n.elementor-heading-title{padding:0;margin:0;line-height:1}.elementor-widget-heading .elementor-heading-title[class*=elementor-size-]>a{color:inherit;font-size:inherit;line-height:inherit}.elementor-widget-heading .elementor-heading-title.elementor-size-small{font-size:15px}.elementor-widget-heading .elementor-heading-title.elementor-size-medium{font-size:19px}.elementor-widget-heading .elementor-heading-title.elementor-size-large{font-size:29px}.elementor-widget-heading .elementor-heading-title.elementor-size-xl{font-size:39px}.elementor-widget-heading .elementor-heading-title.elementor-size-xxl{font-size:59px}<\/style><h1 class=\"elementor-heading-title elementor-size-default\">Add your header text here<\/h1>\t\t<\/div>\n\t\t\t\t<\/div>\n\t\t\t\t<div class=\"elementor-element elementor-element-89f66b5 elementor-widget elementor-widget-heading\" data-id=\"89f66b5\" data-element_type=\"widget\" data-widget_type=\"heading.default\">\n\t\t\t\t<div class=\"elementor-widget-container\">\n\t\t\t<h2 class=\"elementor-heading-title elementor-size-default\">Add your header text here<\/h2>\t\t<\/div>\n\t\t\t\t<\/div>\n\t\t\t\t<div class=\"elementor-element elementor-element-0ccc787 elementor-widget elementor-widget-text-editor\" data-id=\"0ccc787\" data-element_type=\"widget\" data-widget_type=\"text-editor.default\">\n\t\t\t\t<div class=\"elementor-widget-container\">\n\t\t\t<style>\/*! elementor - v3.16.0 - 13-09-2023 *\/\n.elementor-widget-text-editor.elementor-drop-cap-view-stacked .elementor-drop-cap{background-color:#69727d;color:#fff}.elementor-widget-text-editor.elementor-drop-cap-view-framed .elementor-drop-cap{color:#69727d;border:3px solid;background-color:transparent}.elementor-widget-text-editor:not(.elementor-drop-cap-view-default) .elementor-drop-cap{margin-top:8px}.elementor-widget-text-editor:not(.elementor-drop-cap-view-default) .elementor-drop-cap-letter{width:1em;height:1em}.elementor-widget-text-editor .elementor-drop-cap{float:left;text-align:center;line-height:1;font-size:50px}.elementor-widget-text-editor .elementor-drop-cap-letter{display:inline-block}<\/style>\t\t\t\t<p>Lorem ipsum dolor sit amet, consectetur adipiscing elit. Ut elit tellus, luctus nec ullamcorper mattis, pulvinar dapibus leo.<\/p>\t\t\t\t\t\t<\/div>\n\t\t\t\t<\/div>\n\t\t\t\t<div class=\"elementor-element elementor-element-a41a084 elementor-widget elementor-widget-button\" data-id=\"a41a084\" data-element_type=\"widget\" data-widget_type=\"button.default\">\n\t\t\t\t<div class=\"elementor-widget-container\">\n\t\t\t\t\t<div class=\"elementor-button-wrapper\">\n\t\t\t<a class=\"elementor-button elementor-button-link elementor-size-sm\" href=\"#\">\n\t\t\t\t\t\t<span class=\"elementor-button-content-wrapper\">\n\t\t\t\t\t\t<span class=\"elementor-button-text\">Click here<\/span>\n\t\t<\/span>\n\t\t\t\t\t<\/a>\n\t\t<\/div>\n\t\t\t\t<\/div>\n\t\t\t\t<\/div>\n\t\t\t\t\t<\/div>\n\t\t<\/div>\n\t\t\t\t\t\t\t<\/div>\n\t\t<\/section>\n\t\t\t\t<section class=\"elementor-section elementor-top-section elementor-element elementor-element-fde2803 elementor-section-boxed elementor-section-height-default elementor-section-height-default\" data-id=\"fde2803\" data-element_type=\"section\" data-settings=\"{&quot;_ha_eqh_enable&quot;:false}\">\n\t\t\t\t\t\t<div class=\"elementor-container elementor-column-gap-default\">\n\t\t\t\t\t<div class=\"elementor-column elementor-col-100 elementor-top-column elementor-element elementor-element-3038f8c\" data-id=\"3038f8c\" data-element_type=\"column\">\n\t\t\t<div class=\"elementor-widget-wrap elementor-element-populated\">\n\t\t\t\t\t\t\t\t<div class=\"elementor-element elementor-element-d0aa343 elementor-widget elementor-widget-heading\" data-id=\"d0aa343\" data-element_type=\"widget\" data-widget_type=\"heading.default\">\n\t\t\t\t<div class=\"elementor-widget-container\">\n\t\t\t<h1 class=\"elementor-heading-title elementor-size-default\">Add your header text here<\/h1>\t\t<\/div>\n\t\t\t\t<\/div>\n\t\t\t\t<div class=\"elementor-element elementor-element-e186980 elementor-widget elementor-widget-heading\" data-id=\"e186980\" data-element_type=\"widget\" data-widget_type=\"heading.default\">\n\t\t\t\t<div class=\"elementor-widget-container\">\n\t\t\t<h2 class=\"elementor-heading-title elementor-size-default\">Add your header text here<\/h2>\t\t<\/div>\n\t\t\t\t<\/div>\n\t\t\t\t<div class=\"elementor-element elementor-element-71f88c8 elementor-widget elementor-widget-text-editor\" data-id=\"71f88c8\" data-element_type=\"widget\" data-widget_type=\"text-editor.default\">\n\t\t\t\t<div class=\"elementor-widget-container\">\n\t\t\t\t\t\t\t<p>Lorem ipsum dolor sit amet, consectetur adipiscing elit. Ut elit tellus, luctus nec ullamcorper mattis, pulvinar dapibus leo.<\/p>\t\t\t\t\t\t<\/div>\n\t\t\t\t<\/div>\n\t\t\t\t<div class=\"elementor-element elementor-element-5bf0f99 elementor-widget elementor-widget-button\" data-id=\"5bf0f99\" data-element_type=\"widget\" data-widget_type=\"button.default\">\n\t\t\t\t<div class=\"elementor-widget-container\">\n\t\t\t\t\t<div class=\"elementor-button-wrapper\">\n\t\t\t<a class=\"elementor-button elementor-button-link elementor-size-sm\" href=\"#\">\n\t\t\t\t\t\t<span class=\"elementor-button-content-wrapper\">\n\t\t\t\t\t\t<span class=\"elementor-button-text\">Click here<\/span>\n\t\t<\/span>\n\t\t\t\t\t<\/a>\n\t\t<\/div>\n\t\t\t\t<\/div>\n\t\t\t\t<\/div>\n\t\t\t\t\t<\/div>\n\t\t<\/div>\n\t\t\t\t\t\t\t<\/div>\n\t\t<\/section>\n\t\t\t\t\t\t\t<\/div>","protected":false},"excerpt":{"rendered":"<p>Add here your header text Add here your header text Lorem ipsum dolor sit amet, consectetur adipiscing elit. Ut elit tellus, luctus nec ullamcorper mattis, pulvinar dapibus leo. Click here Add your header text here Add your header text here Lorem ipsum dolor sit amet, consectetur adipiscing elit. Ut elit [...]<\/p>","protected":false},"author":1,"featured_media":0,"parent":0,"menu_order":0,"comment_status":"closed","ping_status":"closed","template":"","meta":{"inline_featured_image":false,"footnotes":""},"class_list":["post-12","page","type-page","status-publish","hentry"],"yoast_head":"<!-- This site is optimized with the Yoast SEO plugin v26.2 - https:\/\/yoast.com\/wordpress\/plugins\/seo\/ -->\n<title>_Stilos &#8211; Kitoscell-PFD<\/title>\n<meta name=\"robots\" content=\"index, follow, max-snippet:-1, max-image-preview:large, max-video-preview:-1\" \/>\n<link rel=\"canonical\" href=\"https:\/\/kitoscell.com\/en\/_stilos\/\" \/>\n<meta property=\"og:locale\" content=\"en_US\" \/>\n<meta property=\"og:type\" content=\"article\" \/>\n<meta property=\"og:title\" content=\"_Stilos &#8211; Kitoscell-PFD\" \/>\n<meta property=\"og:description\" content=\"A\u00f1ade aqu\u00ed tu texto de cabecera A\u00f1ade aqu\u00ed tu texto de cabecera Lorem ipsum dolor sit amet, consectetur adipiscing elit. Ut elit tellus, luctus nec ullamcorper mattis, pulvinar dapibus leo. Haz clic aqu\u00ed A\u00f1ade aqu\u00ed tu texto de cabecera A\u00f1ade aqu\u00ed tu texto de cabecera Lorem ipsum dolor sit amet, consectetur adipiscing elit. Ut elit [&hellip;]\" \/>\n<meta property=\"og:url\" content=\"https:\/\/kitoscell.com\/en\/_stilos\/\" \/>\n<meta property=\"og:site_name\" content=\"Kitoscell-PFD\" \/>\n<meta property=\"article:modified_time\" content=\"2021-09-01T02:19:44+00:00\" \/>\n<meta name=\"twitter:card\" content=\"summary_large_image\" \/>\n<script type=\"application\/ld+json\" class=\"yoast-schema-graph\">{\"@context\":\"https:\/\/schema.org\",\"@graph\":[{\"@type\":\"WebPage\",\"@id\":\"https:\/\/kitoscell.com\/_stilos\/\",\"url\":\"https:\/\/kitoscell.com\/_stilos\/\",\"name\":\"_Stilos &#8211; Kitoscell-PFD\",\"isPartOf\":{\"@id\":\"https:\/\/kitoscell.com\/#website\"},\"datePublished\":\"2021-08-31T16:44:35+00:00\",\"dateModified\":\"2021-09-01T02:19:44+00:00\",\"breadcrumb\":{\"@id\":\"https:\/\/kitoscell.com\/_stilos\/#breadcrumb\"},\"inLanguage\":\"en-US\",\"potentialAction\":[{\"@type\":\"ReadAction\",\"target\":[\"https:\/\/kitoscell.com\/_stilos\/\"]}]},{\"@type\":\"BreadcrumbList\",\"@id\":\"https:\/\/kitoscell.com\/_stilos\/#breadcrumb\",\"itemListElement\":[{\"@type\":\"ListItem\",\"position\":1,\"name\":\"Portada\",\"item\":\"https:\/\/kitoscell.com\/\"},{\"@type\":\"ListItem\",\"position\":2,\"name\":\"_Stilos\"}]},{\"@type\":\"WebSite\",\"@id\":\"https:\/\/kitoscell.com\/#website\",\"url\":\"https:\/\/kitoscell.com\/\",\"name\":\"Kitoscell-PFD\",\"description\":\"Primer Biomodulador\",\"publisher\":{\"@id\":\"https:\/\/kitoscell.com\/#organization\"},\"potentialAction\":[{\"@type\":\"SearchAction\",\"target\":{\"@type\":\"EntryPoint\",\"urlTemplate\":\"https:\/\/kitoscell.com\/?s={search_term_string}\"},\"query-input\":{\"@type\":\"PropertyValueSpecification\",\"valueRequired\":true,\"valueName\":\"search_term_string\"}}],\"inLanguage\":\"en-US\"},{\"@type\":\"Organization\",\"@id\":\"https:\/\/kitoscell.com\/#organization\",\"name\":\"Kitoscell-PFD\",\"url\":\"https:\/\/kitoscell.com\/\",\"logo\":{\"@type\":\"ImageObject\",\"inLanguage\":\"en-US\",\"@id\":\"https:\/\/kitoscell.com\/#\/schema\/logo\/image\/\",\"url\":\"https:\/\/kitoscell.com\/wp-content\/uploads\/2021\/08\/logo_pfd.svg\",\"contentUrl\":\"https:\/\/kitoscell.com\/wp-content\/uploads\/2021\/08\/logo_pfd.svg\",\"width\":459,\"height\":97,\"caption\":\"Kitoscell-PFD\"},\"image\":{\"@id\":\"https:\/\/kitoscell.com\/#\/schema\/logo\/image\/\"}}]}<\/script>\n<!-- \/ Yoast SEO plugin. -->","yoast_head_json":{"title":"_Stilos &#8211; Kitoscell-PFD","robots":{"index":"index","follow":"follow","max-snippet":"max-snippet:-1","max-image-preview":"max-image-preview:large","max-video-preview":"max-video-preview:-1"},"canonical":"https:\/\/kitoscell.com\/en\/_stilos\/","og_locale":"en_US","og_type":"article","og_title":"_Stilos &#8211; Kitoscell-PFD","og_description":"A\u00f1ade aqu\u00ed tu texto de cabecera A\u00f1ade aqu\u00ed tu texto de cabecera Lorem ipsum dolor sit amet, consectetur adipiscing elit. Ut elit tellus, luctus nec ullamcorper mattis, pulvinar dapibus leo. Haz clic aqu\u00ed A\u00f1ade aqu\u00ed tu texto de cabecera A\u00f1ade aqu\u00ed tu texto de cabecera Lorem ipsum dolor sit amet, consectetur adipiscing elit. Ut elit [&hellip;]","og_url":"https:\/\/kitoscell.com\/en\/_stilos\/","og_site_name":"Kitoscell-PFD","article_modified_time":"2021-09-01T02:19:44+00:00","twitter_card":"summary_large_image","schema":{"@context":"https:\/\/schema.org","@graph":[{"@type":"WebPage","@id":"https:\/\/kitoscell.com\/_stilos\/","url":"https:\/\/kitoscell.com\/_stilos\/","name":"_Stilos &#8211; Kitoscell-PFD","isPartOf":{"@id":"https:\/\/kitoscell.com\/#website"},"datePublished":"2021-08-31T16:44:35+00:00","dateModified":"2021-09-01T02:19:44+00:00","breadcrumb":{"@id":"https:\/\/kitoscell.com\/_stilos\/#breadcrumb"},"inLanguage":"en-US","potentialAction":[{"@type":"ReadAction","target":["https:\/\/kitoscell.com\/_stilos\/"]}]},{"@type":"BreadcrumbList","@id":"https:\/\/kitoscell.com\/_stilos\/#breadcrumb","itemListElement":[{"@type":"ListItem","position":1,"name":"Portada","item":"https:\/\/kitoscell.com\/"},{"@type":"ListItem","position":2,"name":"_Stilos"}]},{"@type":"WebSite","@id":"https:\/\/kitoscell.com\/#website","url":"https:\/\/kitoscell.com\/","name":"Kitoscell-PFD","description":"Primer Biomodulador","publisher":{"@id":"https:\/\/kitoscell.com\/#organization"},"potentialAction":[{"@type":"SearchAction","target":{"@type":"EntryPoint","urlTemplate":"https:\/\/kitoscell.com\/?s={search_term_string}"},"query-input":{"@type":"PropertyValueSpecification","valueRequired":true,"valueName":"search_term_string"}}],"inLanguage":"en-US"},{"@type":"Organization","@id":"https:\/\/kitoscell.com\/#organization","name":"Kitoscell-PFD","url":"https:\/\/kitoscell.com\/","logo":{"@type":"ImageObject","inLanguage":"en-US","@id":"https:\/\/kitoscell.com\/#\/schema\/logo\/image\/","url":"https:\/\/kitoscell.com\/wp-content\/uploads\/2021\/08\/logo_pfd.svg","contentUrl":"https:\/\/kitoscell.com\/wp-content\/uploads\/2021\/08\/logo_pfd.svg","width":459,"height":97,"caption":"Kitoscell-PFD"},"image":{"@id":"https:\/\/kitoscell.com\/#\/schema\/logo\/image\/"}}]}},"_links":{"self":[{"href":"https:\/\/kitoscell.com\/en\/wp-json\/wp\/v2\/pages\/12","targetHints":{"allow":["GET"]}}],"collection":[{"href":"https:\/\/kitoscell.com\/en\/wp-json\/wp\/v2\/pages"}],"about":[{"href":"https:\/\/kitoscell.com\/en\/wp-json\/wp\/v2\/types\/page"}],"author":[{"embeddable":true,"href":"https:\/\/kitoscell.com\/en\/wp-json\/wp\/v2\/users\/1"}],"replies":[{"embeddable":true,"href":"https:\/\/kitoscell.com\/en\/wp-json\/wp\/v2\/comments?post=12"}],"version-history":[{"count":0,"href":"https:\/\/kitoscell.com\/en\/wp-json\/wp\/v2\/pages\/12\/revisions"}],"wp:attachment":[{"href":"https:\/\/kitoscell.com\/en\/wp-json\/wp\/v2\/media?parent=12"}],"curies":[{"name":"wp","href":"https:\/\/api.w.org\/{rel}","templated":true}]}}