{"id":29,"date":"2021-08-31T12:42:24","date_gmt":"2021-08-31T17:42:24","guid":{"rendered":"https:\/\/kitoscell.com\/?page_id=29"},"modified":"2023-08-30T11:48:02","modified_gmt":"2023-08-30T17:48:02","slug":"cicatrizacion","status":"publish","type":"page","link":"https:\/\/kitoscell.com\/en\/cicatrizacion\/","title":{"rendered":"Healing"},"content":{"rendered":"<div data-elementor-type=\"wp-page\" data-elementor-id=\"29\" class=\"elementor elementor-29\" data-elementor-post-type=\"page\">\n\t\t\t\t\t\t\t\t\t<section class=\"elementor-section elementor-top-section elementor-element elementor-element-e8b16fe elementor-section-boxed elementor-section-height-default elementor-section-height-default\" data-id=\"e8b16fe\" data-element_type=\"section\" data-settings=\"{&quot;background_background&quot;:&quot;classic&quot;,&quot;_ha_eqh_enable&quot;:false}\">\n\t\t\t\t\t\t<div class=\"elementor-container elementor-column-gap-default\">\n\t\t\t\t\t<div class=\"elementor-column elementor-col-50 elementor-top-column elementor-element elementor-element-3b5a97d\" data-id=\"3b5a97d\" data-element_type=\"column\">\n\t\t\t<div class=\"elementor-widget-wrap elementor-element-populated\">\n\t\t\t\t\t\t\t\t<div class=\"elementor-element elementor-element-14c6ba6 elementor-widget elementor-widget-heading\" data-id=\"14c6ba6\" data-element_type=\"widget\" data-widget_type=\"heading.default\">\n\t\t\t\t<div class=\"elementor-widget-container\">\n\t\t\t<style>\/*! elementor - v3.16.0 - 13-09-2023 *\/\n.elementor-heading-title{padding:0;margin:0;line-height:1}.elementor-widget-heading .elementor-heading-title[class*=elementor-size-]>a{color:inherit;font-size:inherit;line-height:inherit}.elementor-widget-heading .elementor-heading-title.elementor-size-small{font-size:15px}.elementor-widget-heading .elementor-heading-title.elementor-size-medium{font-size:19px}.elementor-widget-heading .elementor-heading-title.elementor-size-large{font-size:29px}.elementor-widget-heading .elementor-heading-title.elementor-size-xl{font-size:39px}.elementor-widget-heading .elementor-heading-title.elementor-size-xxl{font-size:59px}<\/style><h2 class=\"elementor-heading-title elementor-size-default\">Keloid Scar<\/h2>\t\t<\/div>\n\t\t\t\t<\/div>\n\t\t\t\t<div class=\"elementor-element elementor-element-6502034 elementor-widget elementor-widget-text-editor\" data-id=\"6502034\" data-element_type=\"widget\" data-widget_type=\"text-editor.default\">\n\t\t\t\t<div class=\"elementor-widget-container\">\n\t\t\t<style>\/*! elementor - v3.16.0 - 13-09-2023 *\/\n.elementor-widget-text-editor.elementor-drop-cap-view-stacked .elementor-drop-cap{background-color:#69727d;color:#fff}.elementor-widget-text-editor.elementor-drop-cap-view-framed .elementor-drop-cap{color:#69727d;border:3px solid;background-color:transparent}.elementor-widget-text-editor:not(.elementor-drop-cap-view-default) .elementor-drop-cap{margin-top:8px}.elementor-widget-text-editor:not(.elementor-drop-cap-view-default) .elementor-drop-cap-letter{width:1em;height:1em}.elementor-widget-text-editor .elementor-drop-cap{float:left;text-align:center;line-height:1;font-size:50px}.elementor-widget-text-editor .elementor-drop-cap-letter{display:inline-block}<\/style>\t\t\t\t<p>A keloid is a hypertrophied, fibrous and benign scar that appears due to different causes during the healing process of a wound. For a keloid to form, it is necessary to have a wound that is in the process of healing.<\/p><p>This wound may be caused by acne, an infection, an operation or a cut that needs to close. Complications occur mainly in people who have a hereditary tendency to form keloid scars.<\/p><p>A keloid starts when the treated or wounded skin secretes, in excess, substances called \"growth factor\". This causes tumor growth of the scar. At the same time the connective tissue under the epidermis starts to reproduce, to cover the wound.<\/p><p>In a normal person, the tissue just covers the wound, without excess; but keloid indicates that fibrous tissue is produced in excess. Then, it begins to lift the skin to create a fibrous tumor, hard, unsightly and very painful when it is growing.<\/p><p>The keloid must be differentiated from a hypertrophic scar, which is less thick and deformed. Hypertrophic scars usually originate, for example, when the wound was from a wire scratch, the patient had a reaction against the thread of the wound seam or the \"lips\" of the wound did not stick well.<\/p><p>Meanwhile, a keloid is a large, red tumor that hurts when it forms and later takes on the color of the skin; it is never pre-cancerous, but it is unsightly and it is totally contraindicated to remove it through surgery.<\/p>\t\t\t\t\t\t<\/div>\n\t\t\t\t<\/div>\n\t\t\t\t<div class=\"elementor-element elementor-element-1c9d9d6 elementor-widget elementor-widget-heading\" data-id=\"1c9d9d6\" data-element_type=\"widget\" data-widget_type=\"heading.default\">\n\t\t\t\t<div class=\"elementor-widget-container\">\n\t\t\t<h2 class=\"elementor-heading-title elementor-size-default\">What causes them?<\/h2>\t\t<\/div>\n\t\t\t\t<\/div>\n\t\t\t\t<div class=\"elementor-element elementor-element-3ce3a5f elementor-widget elementor-widget-text-editor\" data-id=\"3ce3a5f\" data-element_type=\"widget\" data-widget_type=\"text-editor.default\">\n\t\t\t\t<div class=\"elementor-widget-container\">\n\t\t\t\t\t\t\t<p>Keloid scars occur secondary to skin injuries such as surgical incisions, traumatic wounds, vaccination sites, burns, chicken pox, acne and sometimes scrapes (minor lacerations).<\/p><p>Most keloids flatten and become less visible over the years and may become irritated due to rubbing from clothing or other forms of friction. Extensive keloids can limit mobility, as well as cause cosmetic changes and affect appearance.<\/p>\t\t\t\t\t\t<\/div>\n\t\t\t\t<\/div>\n\t\t\t\t\t<\/div>\n\t\t<\/div>\n\t\t\t\t<div class=\"elementor-column elementor-col-50 elementor-top-column elementor-element elementor-element-bb68e3d\" data-id=\"bb68e3d\" data-element_type=\"column\" data-settings=\"{&quot;background_background&quot;:&quot;classic&quot;}\">\n\t\t\t<div class=\"elementor-widget-wrap elementor-element-populated\">\n\t\t\t\t\t<div class=\"elementor-background-overlay\"><\/div>\n\t\t\t\t\t\t\t\t<div class=\"elementor-element elementor-element-5eca650 elementor-arrows-position-inside elementor-widget elementor-widget-image-carousel\" data-id=\"5eca650\" data-element_type=\"widget\" data-settings=\"{&quot;slides_to_show&quot;:&quot;1&quot;,&quot;navigation&quot;:&quot;arrows&quot;,&quot;effect&quot;:&quot;fade&quot;,&quot;autoplay&quot;:&quot;yes&quot;,&quot;pause_on_hover&quot;:&quot;yes&quot;,&quot;pause_on_interaction&quot;:&quot;yes&quot;,&quot;autoplay_speed&quot;:5000,&quot;infinite&quot;:&quot;yes&quot;,&quot;speed&quot;:500}\" data-widget_type=\"image-carousel.default\">\n\t\t\t\t<div class=\"elementor-widget-container\">\n\t\t\t<style>\/*! elementor - v3.16.0 - 13-09-2023 *\/\n.elementor-widget-image-carousel .swiper,.elementor-widget-image-carousel .swiper-container{position:static}.elementor-widget-image-carousel .swiper-container .swiper-slide figure,.elementor-widget-image-carousel .swiper .swiper-slide figure{line-height:inherit}.elementor-widget-image-carousel .swiper-slide{text-align:center}.elementor-image-carousel-wrapper:not(.swiper-container-initialized):not(.swiper-initialized) .swiper-slide{max-width:calc(100% \/ var(--e-image-carousel-slides-to-show, 3))}<\/style>\t\t<div class=\"elementor-image-carousel-wrapper swiper-container\" dir=\"ltr\">\n\t\t\t<div class=\"elementor-image-carousel swiper-wrapper\" aria-live=\"off\">\n\t\t\t\t\t\t\t\t<div class=\"swiper-slide\" role=\"group\" aria-roledescription=\"slide\" aria-label=\"1 of 2\"><figure class=\"swiper-slide-inner\"><img decoding=\"async\" class=\"swiper-slide-image\" src=\"https:\/\/kitoscell.com\/wp-content\/uploads\/2023\/08\/cicatriz4.jpg\" alt=\"_cicatriz4\" \/><\/figure><\/div><div class=\"swiper-slide\" role=\"group\" aria-roledescription=\"slide\" aria-label=\"2 of 2\"><figure class=\"swiper-slide-inner\"><img decoding=\"async\" class=\"swiper-slide-image\" src=\"https:\/\/kitoscell.com\/wp-content\/uploads\/2023\/08\/cicatriz3.jpg\" alt=\"_cicatriz3\" \/><\/figure><\/div>\t\t\t<\/div>\n\t\t\t\t\t\t\t\t\t\t\t\t<div class=\"elementor-swiper-button elementor-swiper-button-prev\" role=\"button\" tabindex=\"0\">\n\t\t\t\t\t\t<i aria-hidden=\"true\" class=\"eicon-chevron-left\"><\/i>\t\t\t\t\t<\/div>\n\t\t\t\t\t<div class=\"elementor-swiper-button elementor-swiper-button-next\" role=\"button\" tabindex=\"0\">\n\t\t\t\t\t\t<i aria-hidden=\"true\" class=\"eicon-chevron-right\"><\/i>\t\t\t\t\t<\/div>\n\t\t\t\t\n\t\t\t\t\t\t\t\t\t<\/div>\n\t\t\t\t<\/div>\n\t\t\t\t<\/div>\n\t\t\t\t\t<\/div>\n\t\t<\/div>\n\t\t\t\t\t\t\t<\/div>\n\t\t<\/section>\n\t\t\t\t<section class=\"elementor-section elementor-top-section elementor-element elementor-element-bff8c1b elementor-section-boxed elementor-section-height-default elementor-section-height-default\" data-id=\"bff8c1b\" data-element_type=\"section\" data-settings=\"{&quot;background_background&quot;:&quot;classic&quot;,&quot;_ha_eqh_enable&quot;:false}\">\n\t\t\t\t\t\t<div class=\"elementor-container elementor-column-gap-default\">\n\t\t\t\t\t<div class=\"elementor-column elementor-col-50 elementor-top-column elementor-element elementor-element-62c582d\" data-id=\"62c582d\" data-element_type=\"column\">\n\t\t\t<div class=\"elementor-widget-wrap elementor-element-populated\">\n\t\t\t\t\t\t\t\t<div class=\"elementor-element elementor-element-f00bb85 elementor-widget elementor-widget-heading\" data-id=\"f00bb85\" data-element_type=\"widget\" data-widget_type=\"heading.default\">\n\t\t\t\t<div class=\"elementor-widget-container\">\n\t\t\t<h2 class=\"elementor-heading-title elementor-size-default\">Hypertrophic Scar<\/h2>\t\t<\/div>\n\t\t\t\t<\/div>\n\t\t\t\t<div class=\"elementor-element elementor-element-25f0656 elementor-widget elementor-widget-text-editor\" data-id=\"25f0656\" data-element_type=\"widget\" data-widget_type=\"text-editor.default\">\n\t\t\t\t<div class=\"elementor-widget-container\">\n\t\t\t\t\t\t\t<p>Hypertrophic scars are exaggerated growths of scar tissue that occur at the site of a skin lesion (excessive collagen formation). Although these types of scars increase in size, they do not invade beyond the site of the injury, unlike keloid scars that do invade areas outside the injury.<\/p><p>Hypertrophic scars are more frequent in young women and African-Americans. When multiple or repeated hypertrophic scars occur, it is known as keloidosis.<\/p>\t\t\t\t\t\t<\/div>\n\t\t\t\t<\/div>\n\t\t\t\t<div class=\"elementor-element elementor-element-4d23787 elementor-widget elementor-widget-heading\" data-id=\"4d23787\" data-element_type=\"widget\" data-widget_type=\"heading.default\">\n\t\t\t\t<div class=\"elementor-widget-container\">\n\t\t\t<h2 class=\"elementor-heading-title elementor-size-default\">When do hypertrophic scars occur?<\/h2>\t\t<\/div>\n\t\t\t\t<\/div>\n\t\t\t\t<div class=\"elementor-element elementor-element-2fb3705 elementor-widget elementor-widget-text-editor\" data-id=\"2fb3705\" data-element_type=\"widget\" data-widget_type=\"text-editor.default\">\n\t\t\t\t<div class=\"elementor-widget-container\">\n\t\t\t\t\t\t\t<p>Hypertrophic scars occur secondary to skin lesions such as surgical incisions, traumatic wounds, vaccination sites, burns, chicken pox, acne and sometimes scrapes (minor lacerations).<\/p><p>Most hypertrophic scars flatten and become less visible over the years and may become irritated due to rubbing from clothing or other forms of friction. Extensive hypertrophic scars can limit mobility, as well as cause cosmetic changes and affect appearance.<\/p><p>\u00a0<\/p>\t\t\t\t\t\t<\/div>\n\t\t\t\t<\/div>\n\t\t\t\t\t<\/div>\n\t\t<\/div>\n\t\t\t\t<div class=\"elementor-column elementor-col-50 elementor-top-column elementor-element elementor-element-9d314de\" data-id=\"9d314de\" data-element_type=\"column\" data-settings=\"{&quot;background_background&quot;:&quot;classic&quot;}\">\n\t\t\t<div class=\"elementor-widget-wrap elementor-element-populated\">\n\t\t\t\t\t<div class=\"elementor-background-overlay\"><\/div>\n\t\t\t\t\t\t\t\t<div class=\"elementor-element elementor-element-6bf8c78 elementor-arrows-position-inside elementor-widget elementor-widget-image-carousel\" data-id=\"6bf8c78\" data-element_type=\"widget\" data-settings=\"{&quot;slides_to_show&quot;:&quot;1&quot;,&quot;navigation&quot;:&quot;arrows&quot;,&quot;effect&quot;:&quot;fade&quot;,&quot;autoplay&quot;:&quot;yes&quot;,&quot;pause_on_hover&quot;:&quot;yes&quot;,&quot;pause_on_interaction&quot;:&quot;yes&quot;,&quot;autoplay_speed&quot;:5000,&quot;infinite&quot;:&quot;yes&quot;,&quot;speed&quot;:500}\" data-widget_type=\"image-carousel.default\">\n\t\t\t\t<div class=\"elementor-widget-container\">\n\t\t\t\t\t<div class=\"elementor-image-carousel-wrapper swiper-container\" dir=\"ltr\">\n\t\t\t<div class=\"elementor-image-carousel swiper-wrapper\" aria-live=\"off\">\n\t\t\t\t\t\t\t\t<div class=\"swiper-slide\" role=\"group\" aria-roledescription=\"slide\" aria-label=\"1 of 3\"><figure class=\"swiper-slide-inner\"><img decoding=\"async\" class=\"swiper-slide-image\" src=\"https:\/\/kitoscell.com\/wp-content\/uploads\/2023\/08\/cicatriz7.jpg\" alt=\"_cicatriz7\" \/><\/figure><\/div><div class=\"swiper-slide\" role=\"group\" aria-roledescription=\"slide\" aria-label=\"2 of 3\"><figure class=\"swiper-slide-inner\"><img decoding=\"async\" class=\"swiper-slide-image\" src=\"https:\/\/kitoscell.com\/wp-content\/uploads\/2023\/08\/cicatriz5.jpg\" alt=\"_cicatriz5\" \/><\/figure><\/div><div class=\"swiper-slide\" role=\"group\" aria-roledescription=\"slide\" aria-label=\"3 of 3\"><figure class=\"swiper-slide-inner\"><img decoding=\"async\" class=\"swiper-slide-image\" src=\"https:\/\/kitoscell.com\/wp-content\/uploads\/2023\/08\/cicatriz2-1.jpg\" alt=\"_cicatriz2\" \/><\/figure><\/div>\t\t\t<\/div>\n\t\t\t\t\t\t\t\t\t\t\t\t<div class=\"elementor-swiper-button elementor-swiper-button-prev\" role=\"button\" tabindex=\"0\">\n\t\t\t\t\t\t<i aria-hidden=\"true\" class=\"eicon-chevron-left\"><\/i>\t\t\t\t\t<\/div>\n\t\t\t\t\t<div class=\"elementor-swiper-button elementor-swiper-button-next\" role=\"button\" tabindex=\"0\">\n\t\t\t\t\t\t<i aria-hidden=\"true\" class=\"eicon-chevron-right\"><\/i>\t\t\t\t\t<\/div>\n\t\t\t\t\n\t\t\t\t\t\t\t\t\t<\/div>\n\t\t\t\t<\/div>\n\t\t\t\t<\/div>\n\t\t\t\t\t<\/div>\n\t\t<\/div>\n\t\t\t\t\t\t\t<\/div>\n\t\t<\/section>\n\t\t\t\t<section class=\"elementor-section elementor-top-section elementor-element elementor-element-a94c85d elementor-section-boxed elementor-section-height-default elementor-section-height-default\" data-id=\"a94c85d\" data-element_type=\"section\" data-settings=\"{&quot;_ha_eqh_enable&quot;:false}\">\n\t\t\t\t\t\t<div class=\"elementor-container elementor-column-gap-default\">\n\t\t\t\t\t<div class=\"elementor-column elementor-col-100 elementor-top-column elementor-element elementor-element-2e2c1c8\" data-id=\"2e2c1c8\" data-element_type=\"column\">\n\t\t\t<div class=\"elementor-widget-wrap elementor-element-populated\">\n\t\t\t\t\t\t\t\t<div class=\"elementor-element elementor-element-a9fba65 elementor-widget elementor-widget-spacer\" data-id=\"a9fba65\" data-element_type=\"widget\" data-widget_type=\"spacer.default\">\n\t\t\t\t<div class=\"elementor-widget-container\">\n\t\t\t<style>\/*! elementor - v3.16.0 - 13-09-2023 *\/\n.elementor-column .elementor-spacer-inner{height:var(--spacer-size)}.e-con{--container-widget-width:100%}.e-con-inner>.elementor-widget-spacer,.e-con>.elementor-widget-spacer{width:var(--container-widget-width,var(--spacer-size));--align-self:var(--container-widget-align-self,initial);--flex-shrink:0}.e-con-inner>.elementor-widget-spacer>.elementor-widget-container,.e-con>.elementor-widget-spacer>.elementor-widget-container{height:100%;width:100%}.e-con-inner>.elementor-widget-spacer>.elementor-widget-container>.elementor-spacer,.e-con>.elementor-widget-spacer>.elementor-widget-container>.elementor-spacer{height:100%}.e-con-inner>.elementor-widget-spacer>.elementor-widget-container>.elementor-spacer>.elementor-spacer-inner,.e-con>.elementor-widget-spacer>.elementor-widget-container>.elementor-spacer>.elementor-spacer-inner{height:var(--container-widget-height,var(--spacer-size))}.e-con-inner>.elementor-widget-spacer.elementor-widget-empty,.e-con>.elementor-widget-spacer.elementor-widget-empty{position:relative;min-height:22px;min-width:22px}.e-con-inner>.elementor-widget-spacer.elementor-widget-empty .elementor-widget-empty-icon,.e-con>.elementor-widget-spacer.elementor-widget-empty .elementor-widget-empty-icon{position:absolute;top:0;bottom:0;left:0;right:0;margin:auto;padding:0;width:22px;height:22px}<\/style>\t\t<div class=\"elementor-spacer\">\n\t\t\t<div class=\"elementor-spacer-inner\"><\/div>\n\t\t<\/div>\n\t\t\t\t<\/div>\n\t\t\t\t<\/div>\n\t\t\t\t\t<\/div>\n\t\t<\/div>\n\t\t\t\t\t\t\t<\/div>\n\t\t<\/section>\n\t\t\t\t\t\t\t<\/div>","protected":false},"excerpt":{"rendered":"<p>Keloid Scar A keloid is a hypertrophied, fibrous and benign scar that appears due to different causes during the healing process of a wound. For a keloid to form, it is necessary to have a wound that is in the process of healing. This wound can be caused by acne, an infection, an operation or a [...]<\/p>","protected":false},"author":1,"featured_media":0,"parent":0,"menu_order":0,"comment_status":"closed","ping_status":"closed","template":"elementor_header_footer","meta":{"inline_featured_image":false,"footnotes":""},"class_list":["post-29","page","type-page","status-publish","hentry"],"yoast_head":"<!-- This site is optimized with the Yoast SEO plugin v26.2 - https:\/\/yoast.com\/wordpress\/plugins\/seo\/ -->\n<title>Cicatrizaci\u00f3n &#8211; Kitoscell-PFD<\/title>\n<meta name=\"robots\" content=\"index, follow, max-snippet:-1, max-image-preview:large, max-video-preview:-1\" \/>\n<link rel=\"canonical\" href=\"https:\/\/kitoscell.com\/en\/cicatrizacion\/\" \/>\n<meta property=\"og:locale\" content=\"en_US\" \/>\n<meta property=\"og:type\" content=\"article\" \/>\n<meta property=\"og:title\" content=\"Cicatrizaci\u00f3n &#8211; Kitoscell-PFD\" \/>\n<meta property=\"og:description\" content=\"Cicatriz Queloide Un queloide es una cicatriz hipertrofiada, fibrosa y benigna que se presenta por diferentes causas durante el proceso de cicatrizaci\u00f3n de una herida. Para que se forme un queloide, es necesario tener una herida que est\u00e9 en proceso de cicatrizaci\u00f3n. Esta herida puede ser causada por acn\u00e9, una infecci\u00f3n, una operaci\u00f3n o una [&hellip;]\" \/>\n<meta property=\"og:url\" content=\"https:\/\/kitoscell.com\/en\/cicatrizacion\/\" \/>\n<meta property=\"og:site_name\" content=\"Kitoscell-PFD\" \/>\n<meta property=\"article:modified_time\" content=\"2023-08-30T17:48:02+00:00\" \/>\n<meta property=\"og:image\" content=\"https:\/\/kitoscell.com\/wp-content\/uploads\/2023\/08\/cicatriz4.jpg\" \/>\n<meta name=\"twitter:card\" content=\"summary_large_image\" \/>\n<meta name=\"twitter:label1\" content=\"Est. reading time\" \/>\n\t<meta name=\"twitter:data1\" content=\"5 minutes\" \/>\n<script type=\"application\/ld+json\" class=\"yoast-schema-graph\">{\"@context\":\"https:\/\/schema.org\",\"@graph\":[{\"@type\":\"WebPage\",\"@id\":\"https:\/\/kitoscell.com\/cicatrizacion\/\",\"url\":\"https:\/\/kitoscell.com\/cicatrizacion\/\",\"name\":\"Cicatrizaci\u00f3n &#8211; Kitoscell-PFD\",\"isPartOf\":{\"@id\":\"https:\/\/kitoscell.com\/#website\"},\"primaryImageOfPage\":{\"@id\":\"https:\/\/kitoscell.com\/cicatrizacion\/#primaryimage\"},\"image\":{\"@id\":\"https:\/\/kitoscell.com\/cicatrizacion\/#primaryimage\"},\"thumbnailUrl\":\"https:\/\/kitoscell.com\/wp-content\/uploads\/2023\/08\/cicatriz4.jpg\",\"datePublished\":\"2021-08-31T17:42:24+00:00\",\"dateModified\":\"2023-08-30T17:48:02+00:00\",\"breadcrumb\":{\"@id\":\"https:\/\/kitoscell.com\/cicatrizacion\/#breadcrumb\"},\"inLanguage\":\"en-US\",\"potentialAction\":[{\"@type\":\"ReadAction\",\"target\":[\"https:\/\/kitoscell.com\/cicatrizacion\/\"]}]},{\"@type\":\"ImageObject\",\"inLanguage\":\"en-US\",\"@id\":\"https:\/\/kitoscell.com\/cicatrizacion\/#primaryimage\",\"url\":\"https:\/\/kitoscell.com\/wp-content\/uploads\/2023\/08\/cicatriz4.jpg\",\"contentUrl\":\"https:\/\/kitoscell.com\/wp-content\/uploads\/2023\/08\/cicatriz4.jpg\"},{\"@type\":\"BreadcrumbList\",\"@id\":\"https:\/\/kitoscell.com\/cicatrizacion\/#breadcrumb\",\"itemListElement\":[{\"@type\":\"ListItem\",\"position\":1,\"name\":\"Portada\",\"item\":\"https:\/\/kitoscell.com\/\"},{\"@type\":\"ListItem\",\"position\":2,\"name\":\"Cicatrizaci\u00f3n\"}]},{\"@type\":\"WebSite\",\"@id\":\"https:\/\/kitoscell.com\/#website\",\"url\":\"https:\/\/kitoscell.com\/\",\"name\":\"Kitoscell-PFD\",\"description\":\"Primer Biomodulador\",\"publisher\":{\"@id\":\"https:\/\/kitoscell.com\/#organization\"},\"potentialAction\":[{\"@type\":\"SearchAction\",\"target\":{\"@type\":\"EntryPoint\",\"urlTemplate\":\"https:\/\/kitoscell.com\/?s={search_term_string}\"},\"query-input\":{\"@type\":\"PropertyValueSpecification\",\"valueRequired\":true,\"valueName\":\"search_term_string\"}}],\"inLanguage\":\"en-US\"},{\"@type\":\"Organization\",\"@id\":\"https:\/\/kitoscell.com\/#organization\",\"name\":\"Kitoscell-PFD\",\"url\":\"https:\/\/kitoscell.com\/\",\"logo\":{\"@type\":\"ImageObject\",\"inLanguage\":\"en-US\",\"@id\":\"https:\/\/kitoscell.com\/#\/schema\/logo\/image\/\",\"url\":\"https:\/\/kitoscell.com\/wp-content\/uploads\/2021\/08\/logo_pfd.svg\",\"contentUrl\":\"https:\/\/kitoscell.com\/wp-content\/uploads\/2021\/08\/logo_pfd.svg\",\"width\":459,\"height\":97,\"caption\":\"Kitoscell-PFD\"},\"image\":{\"@id\":\"https:\/\/kitoscell.com\/#\/schema\/logo\/image\/\"}}]}<\/script>\n<!-- \/ Yoast SEO plugin. -->","yoast_head_json":{"title":"Cicatrizaci\u00f3n &#8211; Kitoscell-PFD","robots":{"index":"index","follow":"follow","max-snippet":"max-snippet:-1","max-image-preview":"max-image-preview:large","max-video-preview":"max-video-preview:-1"},"canonical":"https:\/\/kitoscell.com\/en\/cicatrizacion\/","og_locale":"en_US","og_type":"article","og_title":"Cicatrizaci\u00f3n &#8211; Kitoscell-PFD","og_description":"Cicatriz Queloide Un queloide es una cicatriz hipertrofiada, fibrosa y benigna que se presenta por diferentes causas durante el proceso de cicatrizaci\u00f3n de una herida. Para que se forme un queloide, es necesario tener una herida que est\u00e9 en proceso de cicatrizaci\u00f3n. Esta herida puede ser causada por acn\u00e9, una infecci\u00f3n, una operaci\u00f3n o una [&hellip;]","og_url":"https:\/\/kitoscell.com\/en\/cicatrizacion\/","og_site_name":"Kitoscell-PFD","article_modified_time":"2023-08-30T17:48:02+00:00","og_image":[{"url":"https:\/\/kitoscell.com\/wp-content\/uploads\/2023\/08\/cicatriz4.jpg","type":"","width":"","height":""}],"twitter_card":"summary_large_image","twitter_misc":{"Est. reading time":"5 minutes"},"schema":{"@context":"https:\/\/schema.org","@graph":[{"@type":"WebPage","@id":"https:\/\/kitoscell.com\/cicatrizacion\/","url":"https:\/\/kitoscell.com\/cicatrizacion\/","name":"Cicatrizaci\u00f3n &#8211; Kitoscell-PFD","isPartOf":{"@id":"https:\/\/kitoscell.com\/#website"},"primaryImageOfPage":{"@id":"https:\/\/kitoscell.com\/cicatrizacion\/#primaryimage"},"image":{"@id":"https:\/\/kitoscell.com\/cicatrizacion\/#primaryimage"},"thumbnailUrl":"https:\/\/kitoscell.com\/wp-content\/uploads\/2023\/08\/cicatriz4.jpg","datePublished":"2021-08-31T17:42:24+00:00","dateModified":"2023-08-30T17:48:02+00:00","breadcrumb":{"@id":"https:\/\/kitoscell.com\/cicatrizacion\/#breadcrumb"},"inLanguage":"en-US","potentialAction":[{"@type":"ReadAction","target":["https:\/\/kitoscell.com\/cicatrizacion\/"]}]},{"@type":"ImageObject","inLanguage":"en-US","@id":"https:\/\/kitoscell.com\/cicatrizacion\/#primaryimage","url":"https:\/\/kitoscell.com\/wp-content\/uploads\/2023\/08\/cicatriz4.jpg","contentUrl":"https:\/\/kitoscell.com\/wp-content\/uploads\/2023\/08\/cicatriz4.jpg"},{"@type":"BreadcrumbList","@id":"https:\/\/kitoscell.com\/cicatrizacion\/#breadcrumb","itemListElement":[{"@type":"ListItem","position":1,"name":"Portada","item":"https:\/\/kitoscell.com\/"},{"@type":"ListItem","position":2,"name":"Cicatrizaci\u00f3n"}]},{"@type":"WebSite","@id":"https:\/\/kitoscell.com\/#website","url":"https:\/\/kitoscell.com\/","name":"Kitoscell-PFD","description":"Primer Biomodulador","publisher":{"@id":"https:\/\/kitoscell.com\/#organization"},"potentialAction":[{"@type":"SearchAction","target":{"@type":"EntryPoint","urlTemplate":"https:\/\/kitoscell.com\/?s={search_term_string}"},"query-input":{"@type":"PropertyValueSpecification","valueRequired":true,"valueName":"search_term_string"}}],"inLanguage":"en-US"},{"@type":"Organization","@id":"https:\/\/kitoscell.com\/#organization","name":"Kitoscell-PFD","url":"https:\/\/kitoscell.com\/","logo":{"@type":"ImageObject","inLanguage":"en-US","@id":"https:\/\/kitoscell.com\/#\/schema\/logo\/image\/","url":"https:\/\/kitoscell.com\/wp-content\/uploads\/2021\/08\/logo_pfd.svg","contentUrl":"https:\/\/kitoscell.com\/wp-content\/uploads\/2021\/08\/logo_pfd.svg","width":459,"height":97,"caption":"Kitoscell-PFD"},"image":{"@id":"https:\/\/kitoscell.com\/#\/schema\/logo\/image\/"}}]}},"_links":{"self":[{"href":"https:\/\/kitoscell.com\/en\/wp-json\/wp\/v2\/pages\/29","targetHints":{"allow":["GET"]}}],"collection":[{"href":"https:\/\/kitoscell.com\/en\/wp-json\/wp\/v2\/pages"}],"about":[{"href":"https:\/\/kitoscell.com\/en\/wp-json\/wp\/v2\/types\/page"}],"author":[{"embeddable":true,"href":"https:\/\/kitoscell.com\/en\/wp-json\/wp\/v2\/users\/1"}],"replies":[{"embeddable":true,"href":"https:\/\/kitoscell.com\/en\/wp-json\/wp\/v2\/comments?post=29"}],"version-history":[{"count":0,"href":"https:\/\/kitoscell.com\/en\/wp-json\/wp\/v2\/pages\/29\/revisions"}],"wp:attachment":[{"href":"https:\/\/kitoscell.com\/en\/wp-json\/wp\/v2\/media?parent=29"}],"curies":[{"name":"wp","href":"https:\/\/api.w.org\/{rel}","templated":true}]}}