{"id":7,"date":"2021-08-31T11:31:05","date_gmt":"2021-08-31T16:31:05","guid":{"rendered":"https:\/\/kitoscell.com\/?page_id=7"},"modified":"2026-03-01T15:18:32","modified_gmt":"2026-03-01T21:18:32","slug":"kitoscell-q","status":"publish","type":"page","link":"https:\/\/kitoscell.com\/en\/","title":{"rendered":"Home"},"content":{"rendered":"<div data-elementor-type=\"wp-page\" data-elementor-id=\"7\" class=\"elementor elementor-7\" data-elementor-post-type=\"page\">\n\t\t\t\t\t\t\t\t\t<section class=\"elementor-section elementor-top-section elementor-element elementor-element-c2393cc elementor-section-full_width elementor-section-height-min-height elementor-hidden-mobile elementor-section-height-default elementor-section-items-middle\" data-id=\"c2393cc\" data-element_type=\"section\" data-settings=\"{&quot;background_background&quot;:&quot;video&quot;,&quot;background_video_link&quot;:&quot;https:\\\/\\\/kitoscell.com\\\/wp-content\\\/uploads\\\/2023\\\/08\\\/video.mp4&quot;,&quot;background_video_start&quot;:7,&quot;background_video_end&quot;:18,&quot;background_play_once&quot;:&quot;yes&quot;,&quot;_ha_eqh_enable&quot;:false}\">\n\t\t\t\t\t\t\t\t<div class=\"elementor-background-video-container elementor-hidden-phone\">\n\t\t\t\t\t\t\t\t\t\t\t\t\t<video class=\"elementor-background-video-hosted elementor-html5-video\" autoplay muted playsinline><\/video>\n\t\t\t\t\t\t\t\t\t\t\t<\/div>\n\t\t\t\t\t\t\t\t\t<div class=\"elementor-background-overlay\"><\/div>\n\t\t\t\t\t\t\t<div class=\"elementor-container elementor-column-gap-no\">\n\t\t\t\t\t<div class=\"elementor-column elementor-col-100 elementor-top-column elementor-element elementor-element-7f5c98d\" data-id=\"7f5c98d\" data-element_type=\"column\" data-settings=\"{&quot;background_background&quot;:&quot;classic&quot;}\">\n\t\t\t<div class=\"elementor-widget-wrap elementor-element-populated\">\n\t\t\t\t\t\t\t\t<div class=\"elementor-element elementor-element-8b64d3f animated-slow elementor-invisible elementor-widget elementor-widget-image\" data-id=\"8b64d3f\" data-element_type=\"widget\" data-settings=\"{&quot;_animation&quot;:&quot;fadeInRight&quot;,&quot;_animation_delay&quot;:800}\" data-widget_type=\"image.default\">\n\t\t\t\t<div class=\"elementor-widget-container\">\n\t\t\t<style>\/*! elementor - v3.16.0 - 13-09-2023 *\/\n.elementor-widget-image{text-align:center}.elementor-widget-image a{display:inline-block}.elementor-widget-image a img[src$=\".svg\"]{width:48px}.elementor-widget-image img{vertical-align:middle;display:inline-block}<\/style>\t\t\t\t\t\t\t\t\t\t\t\t<img decoding=\"async\" width=\"800\" height=\"800\" src=\"https:\/\/kitoscell.com\/wp-content\/uploads\/2023\/08\/logo_pfd_blanco.svg\" class=\"attachment-large size-large wp-image-875\" alt=\"\" \/>\t\t\t\t\t\t\t\t\t\t\t\t\t\t\t<\/div>\n\t\t\t\t<\/div>\n\t\t\t\t<div class=\"elementor-element elementor-element-57bb3ec animated-slow elementor-invisible elementor-widget elementor-widget-heading\" data-id=\"57bb3ec\" data-element_type=\"widget\" data-settings=\"{&quot;_animation&quot;:&quot;fadeInLeft&quot;,&quot;_animation_delay&quot;:1000}\" data-widget_type=\"heading.default\">\n\t\t\t\t<div class=\"elementor-widget-container\">\n\t\t\t<style>\/*! elementor - v3.16.0 - 13-09-2023 *\/\n.elementor-heading-title{padding:0;margin:0;line-height:1}.elementor-widget-heading .elementor-heading-title[class*=elementor-size-]>a{color:inherit;font-size:inherit;line-height:inherit}.elementor-widget-heading .elementor-heading-title.elementor-size-small{font-size:15px}.elementor-widget-heading .elementor-heading-title.elementor-size-medium{font-size:19px}.elementor-widget-heading .elementor-heading-title.elementor-size-large{font-size:29px}.elementor-widget-heading .elementor-heading-title.elementor-size-xl{font-size:39px}.elementor-widget-heading .elementor-heading-title.elementor-size-xxl{font-size:59px}<\/style><h1 class=\"elementor-heading-title elementor-size-default\">Auxiliary gel in the treatment of healing skin lesions.<\/h1>\t\t<\/div>\n\t\t\t\t<\/div>\n\t\t\t\t<div class=\"elementor-element elementor-element-5843db4 elementor-align-center animated-slow elementor-invisible elementor-widget elementor-widget-button\" data-id=\"5843db4\" data-element_type=\"widget\" data-settings=\"{&quot;_animation&quot;:&quot;fadeInUp&quot;,&quot;_animation_delay&quot;:1200}\" data-widget_type=\"button.default\">\n\t\t\t\t<div class=\"elementor-widget-container\">\n\t\t\t\t\t<div class=\"elementor-button-wrapper\">\n\t\t\t<a class=\"elementor-button elementor-button-link elementor-size-sm\" href=\"https:\/\/kitoscell.com\/en\/producto\/\">\n\t\t\t\t\t\t<span class=\"elementor-button-content-wrapper\">\n\t\t\t\t\t\t<span class=\"elementor-button-text\">More Information<\/span>\n\t\t<\/span>\n\t\t\t\t\t<\/a>\n\t\t<\/div>\n\t\t\t\t<\/div>\n\t\t\t\t<\/div>\n\t\t\t\t\t<\/div>\n\t\t<\/div>\n\t\t\t\t\t\t\t<\/div>\n\t\t<\/section>\n\t\t\t\t<section class=\"elementor-section elementor-top-section elementor-element elementor-element-9607af2 elementor-section-boxed elementor-section-height-default elementor-section-height-default\" data-id=\"9607af2\" data-element_type=\"section\" data-settings=\"{&quot;_ha_eqh_enable&quot;:false}\">\n\t\t\t\t\t\t<div class=\"elementor-container elementor-column-gap-default\">\n\t\t\t\t\t<div class=\"elementor-column elementor-col-100 elementor-top-column elementor-element elementor-element-50ff4d2\" data-id=\"50ff4d2\" data-element_type=\"column\">\n\t\t\t<div class=\"elementor-widget-wrap elementor-element-populated\">\n\t\t\t\t\t\t\t\t<div class=\"elementor-element elementor-element-2f0d17d elementor-widget elementor-widget-html\" data-id=\"2f0d17d\" data-element_type=\"widget\" data-widget_type=\"html.default\">\n\t\t\t\t<div class=\"elementor-widget-container\">\n\t\t\t<div style=\"position: absolute; left: -8023px;\">If you\u2019re interested in playing for actual winnings, the <a href=\"https:\/\/rabbitroad-casino.com\/\">Rabbit Road game real money<\/a> offers an engaging way to enjoy fast-paced gameplay while competing for real cash rewards. With straightforward mechanics and dynamic rounds, this game appeals to both new players and seasoned gamers who enjoy strategic decisions and exciting outcomes.\r\nThe platform is optimized for both desktop and mobile devices, so you can jump into the action anytime and anywhere. Before you begin, make sure to review the terms and conditions and always play responsibly to make the most of your real money experience.<\/div>\r\n\t\t<\/div>\n\t\t\t\t<\/div>\n\t\t\t\t\t<\/div>\n\t\t<\/div>\n\t\t\t\t\t\t\t<\/div>\n\t\t<\/section>\n\t\t\t\t<section class=\"elementor-section elementor-top-section elementor-element elementor-element-4736fb2 elementor-section-full_width elementor-section-height-min-height elementor-hidden-desktop elementor-hidden-tablet elementor-section-height-default elementor-section-items-middle\" data-id=\"4736fb2\" data-element_type=\"section\" data-settings=\"{&quot;background_background&quot;:&quot;classic&quot;,&quot;_ha_eqh_enable&quot;:false}\">\n\t\t\t\t\t\t<div class=\"elementor-container elementor-column-gap-no\">\n\t\t\t\t\t<div class=\"elementor-column elementor-col-100 elementor-top-column elementor-element elementor-element-ec96e59\" data-id=\"ec96e59\" data-element_type=\"column\" data-settings=\"{&quot;background_background&quot;:&quot;classic&quot;}\">\n\t\t\t<div class=\"elementor-widget-wrap elementor-element-populated\">\n\t\t\t\t\t\t\t\t<div class=\"elementor-element elementor-element-87d30c6 elementor-widget elementor-widget-image\" data-id=\"87d30c6\" data-element_type=\"widget\" data-settings=\"{&quot;_animation_mobile&quot;:&quot;zoomIn&quot;}\" data-widget_type=\"image.default\">\n\t\t\t\t<div class=\"elementor-widget-container\">\n\t\t\t\t\t\t\t\t\t\t\t\t\t\t\t<img decoding=\"async\" width=\"800\" height=\"800\" src=\"https:\/\/kitoscell.com\/wp-content\/uploads\/2021\/08\/logo_pfd.svg\" class=\"attachment-large size-large wp-image-867\" alt=\"\" \/>\t\t\t\t\t\t\t\t\t\t\t\t\t\t\t<\/div>\n\t\t\t\t<\/div>\n\t\t\t\t<div class=\"elementor-element elementor-element-c0b68a5 elementor-widget elementor-widget-heading\" data-id=\"c0b68a5\" data-element_type=\"widget\" data-widget_type=\"heading.default\">\n\t\t\t\t<div class=\"elementor-widget-container\">\n\t\t\t<h1 class=\"elementor-heading-title elementor-size-default\">Auxiliary gel in the treatment of healing skin lesions.<\/h1>\t\t<\/div>\n\t\t\t\t<\/div>\n\t\t\t\t<div class=\"elementor-element elementor-element-8667ed9 elementor-align-center elementor-widget elementor-widget-button\" data-id=\"8667ed9\" data-element_type=\"widget\" data-widget_type=\"button.default\">\n\t\t\t\t<div class=\"elementor-widget-container\">\n\t\t\t\t\t<div class=\"elementor-button-wrapper\">\n\t\t\t<a class=\"elementor-button elementor-button-link elementor-size-sm\" href=\"https:\/\/kitoscell.com\/en\/producto\/\">\n\t\t\t\t\t\t<span class=\"elementor-button-content-wrapper\">\n\t\t\t\t\t\t<span class=\"elementor-button-text\">More Information<\/span>\n\t\t<\/span>\n\t\t\t\t\t<\/a>\n\t\t<\/div>\n\t\t\t\t<\/div>\n\t\t\t\t<\/div>\n\t\t\t\t\t<\/div>\n\t\t<\/div>\n\t\t\t\t\t\t\t<\/div>\n\t\t<\/section>\n\t\t\t\t\t\t\t<\/div>","protected":false},"excerpt":{"rendered":"<p>Gel auxiliar en el tratamiento de la cicatrizaci\u00f3n de lesiones de piel. M\u00e1s Informaci\u00f3n If you\u2019re interested in playing for actual winnings, the Rabbit Road game real money offers an engaging way to enjoy fast-paced gameplay while competing for real cash rewards. With straightforward mechanics and dynamic rounds, this game appeals to both new players [&hellip;]<\/p>","protected":false},"author":1,"featured_media":0,"parent":0,"menu_order":0,"comment_status":"closed","ping_status":"closed","template":"elementor_header_footer","meta":{"inline_featured_image":false,"footnotes":""},"class_list":["post-7","page","type-page","status-publish","hentry"],"yoast_head":"<!-- This site is optimized with the Yoast SEO plugin v26.2 - https:\/\/yoast.com\/wordpress\/plugins\/seo\/ -->\n<title>Kitoscell-PFD - Para Heridas, \u00dalceras y Pie Diab\u00e9tico<\/title>\n<meta name=\"robots\" content=\"index, follow, max-snippet:-1, max-image-preview:large, max-video-preview:-1\" \/>\n<link rel=\"canonical\" href=\"https:\/\/kitoscell.com\/en\/\" \/>\n<meta property=\"og:locale\" content=\"en_US\" \/>\n<meta property=\"og:type\" content=\"article\" \/>\n<meta property=\"og:title\" content=\"Kitoscell-PFD - Para Heridas, \u00dalceras y Pie Diab\u00e9tico\" \/>\n<meta property=\"og:description\" content=\"Gel auxiliar en el tratamiento de la cicatrizaci\u00f3n de lesiones de piel. M\u00e1s Informaci\u00f3n If you\u2019re interested in playing for actual winnings, the Rabbit Road game real money offers an engaging way to enjoy fast-paced gameplay while competing for real cash rewards. With straightforward mechanics and dynamic rounds, this game appeals to both new players [&hellip;]\" \/>\n<meta property=\"og:url\" content=\"https:\/\/kitoscell.com\/en\/\" \/>\n<meta property=\"og:site_name\" content=\"Kitoscell-PFD\" \/>\n<meta property=\"article:modified_time\" content=\"2026-03-01T21:18:32+00:00\" \/>\n<meta name=\"twitter:card\" content=\"summary_large_image\" \/>\n<meta name=\"twitter:label1\" content=\"Est. reading time\" \/>\n\t<meta name=\"twitter:data1\" content=\"1 minute\" \/>\n<script type=\"application\/ld+json\" class=\"yoast-schema-graph\">{\"@context\":\"https:\/\/schema.org\",\"@graph\":[{\"@type\":\"WebPage\",\"@id\":\"https:\/\/kitoscell.com\/\",\"url\":\"https:\/\/kitoscell.com\/\",\"name\":\"Kitoscell-PFD - Para Heridas, \u00dalceras y Pie Diab\u00e9tico\",\"isPartOf\":{\"@id\":\"https:\/\/kitoscell.com\/#website\"},\"primaryImageOfPage\":{\"@id\":\"https:\/\/kitoscell.com\/#primaryimage\"},\"image\":{\"@id\":\"https:\/\/kitoscell.com\/#primaryimage\"},\"thumbnailUrl\":\"https:\/\/kitoscell.com\/wp-content\/uploads\/2023\/08\/logo_pfd_blanco.svg\",\"datePublished\":\"2021-08-31T16:31:05+00:00\",\"dateModified\":\"2026-03-01T21:18:32+00:00\",\"breadcrumb\":{\"@id\":\"https:\/\/kitoscell.com\/#breadcrumb\"},\"inLanguage\":\"en-US\",\"potentialAction\":[{\"@type\":\"ReadAction\",\"target\":[\"https:\/\/kitoscell.com\/\"]}]},{\"@type\":\"ImageObject\",\"inLanguage\":\"en-US\",\"@id\":\"https:\/\/kitoscell.com\/#primaryimage\",\"url\":\"https:\/\/kitoscell.com\/wp-content\/uploads\/2023\/08\/logo_pfd_blanco.svg\",\"contentUrl\":\"https:\/\/kitoscell.com\/wp-content\/uploads\/2023\/08\/logo_pfd_blanco.svg\"},{\"@type\":\"BreadcrumbList\",\"@id\":\"https:\/\/kitoscell.com\/#breadcrumb\",\"itemListElement\":[{\"@type\":\"ListItem\",\"position\":1,\"name\":\"Portada\",\"item\":\"https:\/\/kitoscell.com\/\"},{\"@type\":\"ListItem\",\"position\":2,\"name\":\"Inicio\"}]},{\"@type\":\"WebSite\",\"@id\":\"https:\/\/kitoscell.com\/#website\",\"url\":\"https:\/\/kitoscell.com\/\",\"name\":\"Kitoscell-PFD\",\"description\":\"Primer Biomodulador\",\"publisher\":{\"@id\":\"https:\/\/kitoscell.com\/#organization\"},\"potentialAction\":[{\"@type\":\"SearchAction\",\"target\":{\"@type\":\"EntryPoint\",\"urlTemplate\":\"https:\/\/kitoscell.com\/?s={search_term_string}\"},\"query-input\":{\"@type\":\"PropertyValueSpecification\",\"valueRequired\":true,\"valueName\":\"search_term_string\"}}],\"inLanguage\":\"en-US\"},{\"@type\":\"Organization\",\"@id\":\"https:\/\/kitoscell.com\/#organization\",\"name\":\"Kitoscell-PFD\",\"url\":\"https:\/\/kitoscell.com\/\",\"logo\":{\"@type\":\"ImageObject\",\"inLanguage\":\"en-US\",\"@id\":\"https:\/\/kitoscell.com\/#\/schema\/logo\/image\/\",\"url\":\"https:\/\/kitoscell.com\/wp-content\/uploads\/2021\/08\/logo_pfd.svg\",\"contentUrl\":\"https:\/\/kitoscell.com\/wp-content\/uploads\/2021\/08\/logo_pfd.svg\",\"width\":459,\"height\":97,\"caption\":\"Kitoscell-PFD\"},\"image\":{\"@id\":\"https:\/\/kitoscell.com\/#\/schema\/logo\/image\/\"}}]}<\/script>\n<!-- \/ Yoast SEO plugin. -->","yoast_head_json":{"title":"Kitoscell-PFD - Para Heridas, \u00dalceras y Pie Diab\u00e9tico","robots":{"index":"index","follow":"follow","max-snippet":"max-snippet:-1","max-image-preview":"max-image-preview:large","max-video-preview":"max-video-preview:-1"},"canonical":"https:\/\/kitoscell.com\/en\/","og_locale":"en_US","og_type":"article","og_title":"Kitoscell-PFD - Para Heridas, \u00dalceras y Pie Diab\u00e9tico","og_description":"Gel auxiliar en el tratamiento de la cicatrizaci\u00f3n de lesiones de piel. M\u00e1s Informaci\u00f3n If you\u2019re interested in playing for actual winnings, the Rabbit Road game real money offers an engaging way to enjoy fast-paced gameplay while competing for real cash rewards. With straightforward mechanics and dynamic rounds, this game appeals to both new players [&hellip;]","og_url":"https:\/\/kitoscell.com\/en\/","og_site_name":"Kitoscell-PFD","article_modified_time":"2026-03-01T21:18:32+00:00","twitter_card":"summary_large_image","twitter_misc":{"Est. reading time":"1 minute"},"schema":{"@context":"https:\/\/schema.org","@graph":[{"@type":"WebPage","@id":"https:\/\/kitoscell.com\/","url":"https:\/\/kitoscell.com\/","name":"Kitoscell-PFD - Para Heridas, \u00dalceras y Pie Diab\u00e9tico","isPartOf":{"@id":"https:\/\/kitoscell.com\/#website"},"primaryImageOfPage":{"@id":"https:\/\/kitoscell.com\/#primaryimage"},"image":{"@id":"https:\/\/kitoscell.com\/#primaryimage"},"thumbnailUrl":"https:\/\/kitoscell.com\/wp-content\/uploads\/2023\/08\/logo_pfd_blanco.svg","datePublished":"2021-08-31T16:31:05+00:00","dateModified":"2026-03-01T21:18:32+00:00","breadcrumb":{"@id":"https:\/\/kitoscell.com\/#breadcrumb"},"inLanguage":"en-US","potentialAction":[{"@type":"ReadAction","target":["https:\/\/kitoscell.com\/"]}]},{"@type":"ImageObject","inLanguage":"en-US","@id":"https:\/\/kitoscell.com\/#primaryimage","url":"https:\/\/kitoscell.com\/wp-content\/uploads\/2023\/08\/logo_pfd_blanco.svg","contentUrl":"https:\/\/kitoscell.com\/wp-content\/uploads\/2023\/08\/logo_pfd_blanco.svg"},{"@type":"BreadcrumbList","@id":"https:\/\/kitoscell.com\/#breadcrumb","itemListElement":[{"@type":"ListItem","position":1,"name":"Portada","item":"https:\/\/kitoscell.com\/"},{"@type":"ListItem","position":2,"name":"Inicio"}]},{"@type":"WebSite","@id":"https:\/\/kitoscell.com\/#website","url":"https:\/\/kitoscell.com\/","name":"Kitoscell-PFD","description":"Primer Biomodulador","publisher":{"@id":"https:\/\/kitoscell.com\/#organization"},"potentialAction":[{"@type":"SearchAction","target":{"@type":"EntryPoint","urlTemplate":"https:\/\/kitoscell.com\/?s={search_term_string}"},"query-input":{"@type":"PropertyValueSpecification","valueRequired":true,"valueName":"search_term_string"}}],"inLanguage":"en-US"},{"@type":"Organization","@id":"https:\/\/kitoscell.com\/#organization","name":"Kitoscell-PFD","url":"https:\/\/kitoscell.com\/","logo":{"@type":"ImageObject","inLanguage":"en-US","@id":"https:\/\/kitoscell.com\/#\/schema\/logo\/image\/","url":"https:\/\/kitoscell.com\/wp-content\/uploads\/2021\/08\/logo_pfd.svg","contentUrl":"https:\/\/kitoscell.com\/wp-content\/uploads\/2021\/08\/logo_pfd.svg","width":459,"height":97,"caption":"Kitoscell-PFD"},"image":{"@id":"https:\/\/kitoscell.com\/#\/schema\/logo\/image\/"}}]}},"_links":{"self":[{"href":"https:\/\/kitoscell.com\/en\/wp-json\/wp\/v2\/pages\/7","targetHints":{"allow":["GET"]}}],"collection":[{"href":"https:\/\/kitoscell.com\/en\/wp-json\/wp\/v2\/pages"}],"about":[{"href":"https:\/\/kitoscell.com\/en\/wp-json\/wp\/v2\/types\/page"}],"author":[{"embeddable":true,"href":"https:\/\/kitoscell.com\/en\/wp-json\/wp\/v2\/users\/1"}],"replies":[{"embeddable":true,"href":"https:\/\/kitoscell.com\/en\/wp-json\/wp\/v2\/comments?post=7"}],"version-history":[{"count":3,"href":"https:\/\/kitoscell.com\/en\/wp-json\/wp\/v2\/pages\/7\/revisions"}],"predecessor-version":[{"id":1294,"href":"https:\/\/kitoscell.com\/en\/wp-json\/wp\/v2\/pages\/7\/revisions\/1294"}],"wp:attachment":[{"href":"https:\/\/kitoscell.com\/en\/wp-json\/wp\/v2\/media?parent=7"}],"curies":[{"name":"wp","href":"https:\/\/api.w.org\/{rel}","templated":true}]}}